{"id":8095,"date":"2019-10-19T09:10:17","date_gmt":"2019-10-23T15:37:39","guid":{"rendered":"https:\/\/www.breathethefuture.com\/shop\/krpa\/"},"modified":"2024-08-18T20:35:15","modified_gmt":"2024-08-18T20:35:15","slug":"a-pamuk-tkanina","status":"publish","type":"product","link":"https:\/\/www.breathethefuture.com\/hr\/shop\/a-pamuk-tkanina\/","title":{"rendered":"Krpa"},"content":{"rendered":"","protected":false},"excerpt":{"rendered":"<p>Vi\u0161enamjenska krpa od 100% pamuka, pogodna za upotrebu u hiperbari\u010dnoj komori i s kisikom.<br \/>\nMala krpa (40 x 60 cm) namijenjena je \u010di\u0161\u0107enju ure\u0111aja, dok je velika krpa (60 x 80 cm) namijenjena pokrivanju jastuka.<\/p>\n","protected":false},"featured_media":8084,"comment_status":"open","ping_status":"closed","template":"","meta":[],"product_cat":[47],"product_tag":[],"_links":{"self":[{"href":"https:\/\/www.breathethefuture.com\/hr\/wp-json\/wp\/v2\/product\/8095"}],"collection":[{"href":"https:\/\/www.breathethefuture.com\/hr\/wp-json\/wp\/v2\/product"}],"about":[{"href":"https:\/\/www.breathethefuture.com\/hr\/wp-json\/wp\/v2\/types\/product"}],"replies":[{"embeddable":true,"href":"https:\/\/www.breathethefuture.com\/hr\/wp-json\/wp\/v2\/comments?post=8095"}],"wp:featuredmedia":[{"embeddable":true,"href":"https:\/\/www.breathethefuture.com\/hr\/wp-json\/wp\/v2\/media\/8084"}],"wp:attachment":[{"href":"https:\/\/www.breathethefuture.com\/hr\/wp-json\/wp\/v2\/media?parent=8095"}],"wp:term":[{"taxonomy":"product_cat","embeddable":true,"href":"https:\/\/www.breathethefuture.com\/hr\/wp-json\/wp\/v2\/product_cat?post=8095"},{"taxonomy":"product_tag","embeddable":true,"href":"https:\/\/www.breathethefuture.com\/hr\/wp-json\/wp\/v2\/product_tag?post=8095"}],"curies":[{"name":"wp","href":"https:\/\/api.w.org\/{rel}","templated":true}]}}