{"id":8089,"date":"2019-10-19T09:18:55","date_gmt":"2019-10-23T15:27:11","guid":{"rendered":"https:\/\/www.breathethefuture.com\/shop\/kalibrirani-stoperov\/"},"modified":"2025-03-24T07:29:42","modified_gmt":"2025-03-24T07:29:42","slug":"kalibrirani-stoperat","status":"publish","type":"product","link":"https:\/\/www.breathethefuture.com\/hr\/shop\/kalibrirani-stoperat\/","title":{"rendered":"Kalibrirani \u0161toperov"},"content":{"rendered":"","protected":false},"excerpt":{"rendered":"<p>\u0160toperenje je kalibriran za mjerenje vremena lije\u010denja.<\/p>\n","protected":false},"featured_media":8028,"comment_status":"open","ping_status":"closed","template":"","meta":[],"product_cat":[47],"product_tag":[],"_links":{"self":[{"href":"https:\/\/www.breathethefuture.com\/hr\/wp-json\/wp\/v2\/product\/8089"}],"collection":[{"href":"https:\/\/www.breathethefuture.com\/hr\/wp-json\/wp\/v2\/product"}],"about":[{"href":"https:\/\/www.breathethefuture.com\/hr\/wp-json\/wp\/v2\/types\/product"}],"replies":[{"embeddable":true,"href":"https:\/\/www.breathethefuture.com\/hr\/wp-json\/wp\/v2\/comments?post=8089"}],"wp:featuredmedia":[{"embeddable":true,"href":"https:\/\/www.breathethefuture.com\/hr\/wp-json\/wp\/v2\/media\/8028"}],"wp:attachment":[{"href":"https:\/\/www.breathethefuture.com\/hr\/wp-json\/wp\/v2\/media?parent=8089"}],"wp:term":[{"taxonomy":"product_cat","embeddable":true,"href":"https:\/\/www.breathethefuture.com\/hr\/wp-json\/wp\/v2\/product_cat?post=8089"},{"taxonomy":"product_tag","embeddable":true,"href":"https:\/\/www.breathethefuture.com\/hr\/wp-json\/wp\/v2\/product_tag?post=8089"}],"curies":[{"name":"wp","href":"https:\/\/api.w.org\/{rel}","templated":true}]}}