{"id":8150,"date":"2019-10-23T16:23:21","date_gmt":"2019-10-23T16:23:21","guid":{"rendered":"https:\/\/www.breathethefuture.com\/sto-je-hbot\/"},"modified":"2019-10-23T16:25:33","modified_gmt":"2019-10-23T16:25:33","slug":"sto-je-hbot","status":"publish","type":"page","link":"https:\/\/www.breathethefuture.com\/hr\/sto-je-hbot\/","title":{"rendered":"\u0160to je HBOT?"},"content":{"rendered":"<div id=\"pl-8150\"  class=\"panel-layout\" ><div id=\"pg-8150-0\"  class=\"panel-grid panel-no-style\" ><div id=\"pgc-8150-0-0\"  class=\"panel-grid-cell\" ><div id=\"panel-8150-0-0-0\" class=\"so-panel widget widget_sow-editor panel-first-child panel-last-child\" data-index=\"0\" ><div class=\"so-widget-sow-editor so-widget-sow-editor-base\"><h3 class=\"widget-title\">\u0160to je HBOT?<\/h3>\n<div class=\"siteorigin-widget-tinymce textwidget\">\n\t<p>Hiperbari\u010dni tretman kisikom ili HBOT je tretman koji ima blagotvoran u\u010dinak na cijelo tijelo, a upotrebljava se u cijelom svijetu vi\u0161e od 50 godina kako bi se sprije\u010dilo i ubla\u017eilo razne bolesti i stanja te za pobolj\u0161anje op\u0107eg zdravlja.<\/p>\n<p>Za vrijeme hiperbari\u010dnog tretmana kisikom upotrebljava se tlak ve\u0107i od atmosferskoga, a klijent ne udi\u0161e uobi\u010dajenih 21% kisika, ve\u0107 \u010disti kisik pomo\u0107u maske s kisikom. U komori je tlak do 2-puta ve\u0107i od tlaka okru\u017eenja te di\u0161emo ve\u0107u koncentraciju kisika, zbog \u010dega su u\u010dinci tako dobri.<\/p>\n<\/div>\n<\/div><\/div><\/div><\/div><div id=\"pg-8150-1\"  class=\"panel-grid panel-has-style\" ><div id=\"ctavrstica\" class=\"panel-row-style panel-row-style-for-8150-1\" ><div id=\"pgc-8150-1-0\"  class=\"panel-grid-cell\" ><div id=\"panel-8150-1-0-0\" class=\"so-panel widget widget_sow-editor panel-first-child\" data-index=\"1\" ><div id=\"ctadel\" class=\"panel-widget-style panel-widget-style-for-8150-1-0-0\" ><div class=\"so-widget-sow-editor so-widget-sow-editor-base\">\n<div class=\"siteorigin-widget-tinymce textwidget\">\n\t<p>Posjetite na\u0161u internetsku trgovinu<\/p>\n<\/div>\n<\/div><\/div><\/div><div id=\"panel-8150-1-0-1\" class=\"so-panel widget widget_sow-button panel-last-child\" data-index=\"2\" ><div class=\"so-widget-sow-button so-widget-sow-button-atom-b4f6b6b19f96-8150\"><div class=\"ow-button-base ow-button-align-center\">\n\t<a href=\"#\" class=\"ow-icon-placement-left ow-button-hover\" \t\t>\n\t\t<span>\n\t\t\t\n\t\t\tKupite sada\t\t<\/span>\n\t<\/a>\n<\/div>\n<\/div><\/div><\/div><\/div><\/div><div id=\"pg-8150-2\"  class=\"panel-grid panel-no-style\" ><div id=\"pgc-8150-2-0\"  class=\"panel-grid-cell\" ><div id=\"panel-8150-2-0-0\" class=\"so-panel widget widget_sow-editor panel-first-child panel-last-child\" data-index=\"3\" ><div class=\"so-widget-sow-editor so-widget-sow-editor-base\"><h3 class=\"widget-title\">\u0160to je HBOT?<\/h3>\n<div class=\"siteorigin-widget-tinymce textwidget\">\n\t<p>Tretman HBOT je siguran, jednostavan, neinvazivan i bez bolova.<br \/>\nIznimno je siguran i nema nuspojava koje mogu biti \u0161tetne za va\u0161e zdravlje. Klijenti u tretmanu u\u017eivaju \u200b\u200bi opuste se. On se provodi u udobnoj hiperbari\u010dnoj komori. Nakon tretmana \u010dovjek se jo\u0161 dulje vrijeme osje\u0107a izvrsno.<\/p>\n<p>HBOT su sigurni, jednostavni, neinvazivni i bezbolni tretmani. Sigurni su i nemaju nuspojava, \u0161to bi mogle na\u0161tetiti va\u0161em zdravlju. Ve\u0107ina klijenata osje\u0107at \u0107e se ugodno i opu\u0161taju\u0107e. Tretmani vas obi\u010dno ostavljaju pod dojmom osje\u0107aja dobrobiti za va\u0161e zdravlje. HBOT vam poma\u017ee pobolj\u0161ati zdravstveno stanje, \u010dini \u017eivot ga ugodnijim i produktivnijim. Jednostavno \u0107ete se osje\u0107ati bolje!<\/p>\n<\/div>\n<\/div><\/div><\/div><\/div><\/div>","protected":false},"excerpt":{"rendered":"<p>Hiperbari\u010dni tretman kisikom ili HBOT je tretman koji ima blagotvoran u\u010dinak na cijelo tijelo, a upotrebljava se u cijelom svijetu vi\u0161e od 50 godina kako bi se sprije\u010dilo i ubla\u017eilo razne bolesti i stanja te za pobolj\u0161anje op\u0107eg zdravlja. Za vrijeme hiperbari\u010dnog tretmana kisikom upotrebljava se tlak ve\u0107i od atmosferskoga, a klijent ne udi\u0161e uobi\u010dajenih [&hellip;]<\/p>\n","protected":false},"author":1,"featured_media":0,"parent":0,"menu_order":0,"comment_status":"closed","ping_status":"closed","template":"","meta":[],"_links":{"self":[{"href":"https:\/\/www.breathethefuture.com\/hr\/wp-json\/wp\/v2\/pages\/8150"}],"collection":[{"href":"https:\/\/www.breathethefuture.com\/hr\/wp-json\/wp\/v2\/pages"}],"about":[{"href":"https:\/\/www.breathethefuture.com\/hr\/wp-json\/wp\/v2\/types\/page"}],"author":[{"embeddable":true,"href":"https:\/\/www.breathethefuture.com\/hr\/wp-json\/wp\/v2\/users\/1"}],"replies":[{"embeddable":true,"href":"https:\/\/www.breathethefuture.com\/hr\/wp-json\/wp\/v2\/comments?post=8150"}],"version-history":[{"count":6,"href":"https:\/\/www.breathethefuture.com\/hr\/wp-json\/wp\/v2\/pages\/8150\/revisions"}],"predecessor-version":[{"id":8156,"href":"https:\/\/www.breathethefuture.com\/hr\/wp-json\/wp\/v2\/pages\/8150\/revisions\/8156"}],"wp:attachment":[{"href":"https:\/\/www.breathethefuture.com\/hr\/wp-json\/wp\/v2\/media?parent=8150"}],"curies":[{"name":"wp","href":"https:\/\/api.w.org\/{rel}","templated":true}]}}