{"id":8144,"date":"2019-10-23T16:18:07","date_gmt":"2019-10-23T16:18:07","guid":{"rendered":"https:\/\/www.breathethefuture.com\/ucinci-hbot\/"},"modified":"2019-10-23T16:20:12","modified_gmt":"2019-10-23T16:20:12","slug":"ucinci-hbot","status":"publish","type":"page","link":"https:\/\/www.breathethefuture.com\/hr\/ucinci-hbot\/","title":{"rendered":"U\u010dinci HBOT"},"content":{"rendered":"<div id=\"pl-8144\"  class=\"panel-layout\" ><div id=\"pg-8144-0\"  class=\"panel-grid panel-has-style\" ><div id=\"effectshbot\" class=\"panel-row-style panel-row-style-for-8144-0\" ><div id=\"pgc-8144-0-0\"  class=\"panel-grid-cell\" ><div id=\"panel-8144-0-0-0\" class=\"so-panel widget widget_sow-editor panel-first-child panel-last-child\" data-index=\"0\" ><div class=\"so-widget-sow-editor so-widget-sow-editor-base\"><h3 class=\"widget-title\">U\u010dinci HBOT<\/h3>\n<div class=\"siteorigin-widget-tinymce textwidget\">\n\t<p>Hiperbari\u010dni tretman kisikom (HBOT) djeluje korisno na vi\u0161e podru\u010dja:<\/p>\n<ol>\n<li>Hiperbari\u010dni kisik (HBO) djeluje vazokonstriktorno, \u0161to zna\u010di da smanjuje edeme i otekline.<\/li>\n<li>HBOT pospje\u0161uje neovaskularizaciju. Kad se pove\u0107ava udio kisika, fibroblasti se dijele i proizvode vi\u0161e kolagena i nove kapilare (neovaskularizacija).<\/li>\n<li>HBOT pove\u0107ava snagu i djelovanje bijelih krvnih stanica (leukocita).<\/li>\n<li>HBOT uni\u0161tava anaerobne bakterije i u\u010dinkovita je u borbi protiv mnogih infekcija, bakteriostati\u010dna za anaerobe te zaustavlja proizvodnju eksotoksina.<\/li>\n<li>. HBOT uspje\u0161no oporavlja tkiva, koja najsporije zarastaju, to su tkiva, koja imaju najmanje dotoka krvi, na primjer \u00bbbijelo tkivo\u00ab. Tetive, ligamenti, meniskus u zglobovima, spinalni diskovi, kosti i jo\u0161 mo\u017edana vlakna imaju pomanjkanje kapilara i kod svih je oporavak br\u017ei uz pomo\u0107 HBOT.<\/li>\n<li>HBOT obnavlja o\u0161te\u0107ene stanice \u017eiv\u010danog sistema. HBOT neutralizira toksi\u010dne stani\u010dne nus produkte i lako vrati o\u0161te\u0107enim neuronima prvotnu aktivnost.<\/li>\n<\/ol>\n<\/div>\n<\/div><\/div><\/div><\/div><\/div><div id=\"pg-8144-1\"  class=\"panel-grid panel-has-style\" ><div id=\"ctavrstica\" class=\"panel-row-style panel-row-style-for-8144-1\" ><div id=\"pgc-8144-1-0\"  class=\"panel-grid-cell\" ><div id=\"panel-8144-1-0-0\" class=\"so-panel widget widget_sow-editor panel-first-child\" data-index=\"1\" ><div id=\"ctadel\" class=\"panel-widget-style panel-widget-style-for-8144-1-0-0\" ><div class=\"so-widget-sow-editor so-widget-sow-editor-base\">\n<div class=\"siteorigin-widget-tinymce textwidget\">\n\t<p>Posjetite na\u0161u internetsku trgovinu<\/p>\n<\/div>\n<\/div><\/div><\/div><div id=\"panel-8144-1-0-1\" class=\"so-panel widget widget_sow-button panel-last-child\" data-index=\"2\" ><div class=\"so-widget-sow-button so-widget-sow-button-atom-b4f6b6b19f96-8144\"><div class=\"ow-button-base ow-button-align-center\">\n\t<a href=\"#\" class=\"ow-icon-placement-left ow-button-hover\" \t\t>\n\t\t<span>\n\t\t\t\n\t\t\tKupite sada\t\t<\/span>\n\t<\/a>\n<\/div>\n<\/div><\/div><\/div><\/div><\/div><\/div>","protected":false},"excerpt":{"rendered":"<p>Hiperbari\u010dni tretman kisikom (HBOT) djeluje korisno na vi\u0161e podru\u010dja: Hiperbari\u010dni kisik (HBO) djeluje vazokonstriktorno, \u0161to zna\u010di da smanjuje edeme i otekline. HBOT pospje\u0161uje neovaskularizaciju. Kad se pove\u0107ava udio kisika, fibroblasti se dijele i proizvode vi\u0161e kolagena i nove kapilare (neovaskularizacija). HBOT pove\u0107ava snagu i djelovanje bijelih krvnih stanica (leukocita). HBOT uni\u0161tava anaerobne bakterije i u\u010dinkovita [&hellip;]<\/p>\n","protected":false},"author":1,"featured_media":0,"parent":0,"menu_order":0,"comment_status":"closed","ping_status":"closed","template":"","meta":[],"_links":{"self":[{"href":"https:\/\/www.breathethefuture.com\/hr\/wp-json\/wp\/v2\/pages\/8144"}],"collection":[{"href":"https:\/\/www.breathethefuture.com\/hr\/wp-json\/wp\/v2\/pages"}],"about":[{"href":"https:\/\/www.breathethefuture.com\/hr\/wp-json\/wp\/v2\/types\/page"}],"author":[{"embeddable":true,"href":"https:\/\/www.breathethefuture.com\/hr\/wp-json\/wp\/v2\/users\/1"}],"replies":[{"embeddable":true,"href":"https:\/\/www.breathethefuture.com\/hr\/wp-json\/wp\/v2\/comments?post=8144"}],"version-history":[{"count":5,"href":"https:\/\/www.breathethefuture.com\/hr\/wp-json\/wp\/v2\/pages\/8144\/revisions"}],"predecessor-version":[{"id":8149,"href":"https:\/\/www.breathethefuture.com\/hr\/wp-json\/wp\/v2\/pages\/8144\/revisions\/8149"}],"wp:attachment":[{"href":"https:\/\/www.breathethefuture.com\/hr\/wp-json\/wp\/v2\/media?parent=8144"}],"curies":[{"name":"wp","href":"https:\/\/api.w.org\/{rel}","templated":true}]}}